{"id":411,"date":"2022-09-16T23:17:33","date_gmt":"2022-09-16T23:17:33","guid":{"rendered":"https:\/\/redpiscinas.cl\/tienda\/?page_id=411"},"modified":"2023-05-31T13:25:28","modified_gmt":"2023-05-31T13:25:28","slug":"terminos-y-condiciones","status":"publish","type":"page","link":"https:\/\/redpiscinas.cl\/tienda\/terminos-y-condiciones\/","title":{"rendered":"T\u00e9rminos y condiciones"},"content":{"rendered":"\t\t<div data-elementor-type=\"wp-page\" data-elementor-id=\"411\" class=\"elementor elementor-411\">\n\t\t\t\t\t\t\t\t\t<section class=\"elementor-section elementor-top-section elementor-element elementor-element-e162d4b elementor-section-boxed elementor-section-height-default elementor-section-height-default\" data-id=\"e162d4b\" data-element_type=\"section\">\n\t\t\t\t\t\t<div class=\"elementor-container elementor-column-gap-default\">\n\t\t\t\t\t<div class=\"elementor-column elementor-col-100 elementor-top-column elementor-element elementor-element-64b2b951\" data-id=\"64b2b951\" data-element_type=\"column\">\n\t\t\t<div class=\"elementor-widget-wrap elementor-element-populated\">\n\t\t\t\t\t\t\t\t<section class=\"elementor-section elementor-inner-section elementor-element elementor-element-66afd85 elementor-section-boxed elementor-section-height-default elementor-section-height-default\" data-id=\"66afd85\" data-element_type=\"section\">\n\t\t\t\t\t\t<div class=\"elementor-container elementor-column-gap-default\">\n\t\t\t\t\t<div class=\"elementor-column elementor-col-100 elementor-inner-column elementor-element elementor-element-8e51b83\" data-id=\"8e51b83\" data-element_type=\"column\">\n\t\t\t<div class=\"elementor-widget-wrap elementor-element-populated\">\n\t\t\t\t\t\t\t\t<div class=\"elementor-element elementor-element-c4d66d8 elementor-widget elementor-widget-heading\" data-id=\"c4d66d8\" data-element_type=\"widget\" data-widget_type=\"heading.default\">\n\t\t\t\t<div class=\"elementor-widget-container\">\n\t\t\t<style>\/*! elementor - v3.6.8 - 27-07-2022 *\/\n.elementor-heading-title{padding:0;margin:0;line-height:1}.elementor-widget-heading .elementor-heading-title[class*=elementor-size-]>a{color:inherit;font-size:inherit;line-height:inherit}.elementor-widget-heading .elementor-heading-title.elementor-size-small{font-size:15px}.elementor-widget-heading .elementor-heading-title.elementor-size-medium{font-size:19px}.elementor-widget-heading .elementor-heading-title.elementor-size-large{font-size:29px}.elementor-widget-heading .elementor-heading-title.elementor-size-xl{font-size:39px}.elementor-widget-heading .elementor-heading-title.elementor-size-xxl{font-size:59px}<\/style><h2 class=\"elementor-heading-title elementor-size-default\">T\u00e9rminos y Condiciones\n<\/h2>\t\t<\/div>\n\t\t\t\t<\/div>\n\t\t\t\t<div class=\"elementor-element elementor-element-e772dd9 elementor-widget elementor-widget-text-editor\" data-id=\"e772dd9\" data-element_type=\"widget\" data-widget_type=\"text-editor.default\">\n\t\t\t\t<div class=\"elementor-widget-container\">\n\t\t\t<style>\/*! elementor - v3.6.8 - 27-07-2022 *\/\n.elementor-widget-text-editor.elementor-drop-cap-view-stacked .elementor-drop-cap{background-color:#818a91;color:#fff}.elementor-widget-text-editor.elementor-drop-cap-view-framed .elementor-drop-cap{color:#818a91;border:3px solid;background-color:transparent}.elementor-widget-text-editor:not(.elementor-drop-cap-view-default) .elementor-drop-cap{margin-top:8px}.elementor-widget-text-editor:not(.elementor-drop-cap-view-default) .elementor-drop-cap-letter{width:1em;height:1em}.elementor-widget-text-editor .elementor-drop-cap{float:left;text-align:center;line-height:1;font-size:50px}.elementor-widget-text-editor .elementor-drop-cap-letter{display:inline-block}<\/style>\t\t\t\t<p><b>PRIMERO<\/b> Condiciones Generales<\/p>\n<p><span style=\"font-weight: 400;\">\u00a1Bienvenidos! En la plataforma de <\/span><a href=\"https:\/\/redpiscinas.cl\/tienda\/\"><span style=\"font-weight: 400;\">www.redpiscinas.cl<\/span><\/a><span style=\"font-weight: 400;\"> en adelante, QRedPiscinas+ al utilizar la p\u00e1gina la persona natural o empresa \u201cUsuario\u201d. Acepta las condiciones que se establecen a continuaci\u00f3n, manifestando su total conformidad, por lo que le solicitamos leer los t\u00e9rminos y condiciones detenidamente que rigen el uso de nuestra plataforma.<\/span><\/p>\n<p><span style=\"font-weight: 400;\">&nbsp;<\/span><span style=\"font-weight: 400;\">Estos T\u00e9rminos y Condiciones se aplicar\u00e1n y se entender\u00e1n incorporados en todas las compras y a todos los servicios que contrates con <\/span><b>Red Piscinas Ltda.<\/b><span style=\"font-weight: 400;\">. En adelante RedPiscinas mediante los sistemas de comercializaci\u00f3n comprendidos en este sitio web.<\/span><\/p>\n<p><span style=\"font-weight: 400;\">Esos contratos, el uso de este sitio web y la aplicaci\u00f3n de estos T\u00e9rminos y Condiciones se someter\u00e1n a las leyes de la Rep\u00fablica de Chile; especialmente las que protegen los derechos de los consumidores, sin renunciar a los derechos y acciones que otorgan estas leyes.<\/span><\/p>\n<p><span style=\"font-weight: 400;\">QRedPiscinas+ No vende productos para ni\u00f1os, los cuales solo pueden ser comprados por mayores de 18 a\u00f1os (adultos) mediante cualquiera de los medios de pago electr\u00f3nico disponibles en el sitio. Si eres menor de 18 a\u00f1os, puedes usar este sitio s\u00f3lo a trav\u00e9s de tus padres o de tu representante legal<\/span><span style=\"font-weight: 400;\">.<\/span><\/p>\n<p><\/p>\n<p><b>SEGUNDO <\/b><span style=\"font-weight: 400;\">Cambios y Devoluciones<\/span><\/p>\n<p><span style=\"font-weight: 400;\">Nuestros clientes cuentan con<\/span><b>&nbsp;derecho de retracto<\/b><span style=\"font-weight: 400;\">, por lo cual podr\u00e1 devolver un producto adquirido dentro del&nbsp;<\/span><b>plazo de 10 d\u00edas<\/b><span style=\"font-weight: 400;\">&nbsp;contados desde su recepci\u00f3n, sin necesidad de invocar ninguna causa y siempre y cuando el producto no se haya deteriorado por un hecho imputable al cliente, y est\u00e9 en perfecto estado<\/span><\/p>\n<p><span style=\"font-weight: 400;\">Para gestionar un cambio o devoluci\u00f3n, debes tener presente:<\/span><\/p>\n<ul>\n<li style=\"font-weight: 400;\" aria-level=\"1\"><span style=\"font-weight: 400;\">Solicitarlo dentro de los 10 d\u00edas siguientes desde que se recibi\u00f3 el producto (Art.21, ley 19.496).<\/span><\/li>\n<li style=\"font-weight: 400;\" aria-level=\"1\"><span style=\"font-weight: 400;\">Es vital que&nbsp;<\/span><b>todos los productos se encuentren en perfecto estado<\/b><span style=\"font-weight: 400;\">&nbsp;(Art.21, ley 19.496)<\/span><\/li>\n<li style=\"font-weight: 400;\" aria-level=\"1\"><span style=\"font-weight: 400;\">Devolver los productos&nbsp;<\/span><b>sin uso<\/b><span style=\"font-weight: 400;\">, en perfecto estado, en su envase original y sellado, con manuales de uso, cajas, elementos de protecci\u00f3n y todos sus accesorios, tal cual como fue despachado.<\/span><\/li>\n<li style=\"font-weight: 400;\" aria-level=\"1\"><b>Todos los costos, tanto de env\u00edo como de devoluci\u00f3n<\/b><span style=\"font-weight: 400;\">&nbsp;de los productos&nbsp;<\/span><b>son asumidos \u00edntegramente por el cliente<\/b><span style=\"font-weight: 400;\">. En el caso de que un cliente solicite la devoluci\u00f3n de un pedido, todos los gastos asociados al env\u00edo y devoluci\u00f3n correr\u00e1n por cuenta del cliente y no se devolver\u00e1n reintegrar\u00e1 estos gastos de despacho al momento de anular la venta.<\/span><\/li>\n<li style=\"font-weight: 400;\" aria-level=\"1\"><span style=\"font-weight: 400;\">Es a su vez requisito indispensable por parte del cliente, el poseer y enviar el comprobante de venta o boleta correspondiente al producto.<\/span><\/li>\n<\/ul>\n<p><b>Se anular\u00e1 la venta<\/b><span style=\"font-weight: 400;\">&nbsp;y\/o devolver\u00e1 el dinero&nbsp;<\/span><b>en un plazo de cinco d\u00edas h\u00e1biles<\/b><span style=\"font-weight: 400;\">&nbsp;luego de recibido y verificado el estado de los productos.<\/span><\/p>\n<ul>\n<li style=\"font-weight: 400;\" aria-level=\"1\"><span style=\"font-weight: 400;\">Si los productos adquiridos por el cliente al momento de su entrega presenten da\u00f1os como: sellos o cajas rotas, cajas abiertas, hundimientos u otros,&nbsp;<\/span><b>deber\u00e1 rechazar la entrega<\/b><span style=\"font-weight: 400;\">. Una vez recibido no se aceptar\u00e1n cambios por estos conceptos. Si fuese el caso, por favor deje las constancias necesarias con el personal del courier que le hizo la entrega<\/span><\/li>\n<li style=\"font-weight: 400;\" aria-level=\"1\"><span style=\"font-weight: 400;\">En caso de productos comprados en promoci\u00f3n, se requerir\u00e1 la entrega de todos ellos, sin perjuicio que el cambio se efect\u00fae s\u00f3lo respecto a uno de ellos.<\/span><\/li>\n<li style=\"font-weight: 400;\" aria-level=\"1\"><span style=\"font-weight: 400;\">Para iniciar el proceso de cambios o devoluciones, por favor env\u00edenos un e-mail o cont\u00e1ctenos a trav\u00e9s de contacto.<\/span><\/li>\n<\/ul>\n<p><b>TERCERO <\/b><span style=\"font-weight: 400;\">Garant\u00eda Legal<\/span><\/p>\n<p><span style=\"font-weight: 400;\">En caso de que el producto no cuente con las caracter\u00edsticas t\u00e9cnicas informadas, si estuviera da\u00f1ado o incompleto, podr\u00e1 ser cambiado de inmediato. Si presenta fallas o defectos dentro de los 3 meses siguientes a la fecha en que \u00e9ste fue recibido, puede optarse entre su reparaci\u00f3n gratuita, o previa restituci\u00f3n, su cambio o la devoluci\u00f3n de la cantidad pagada, siempre que el producto no se hubiera deteriorado por un hecho imputable al consumidor. Puede entregarse directamente en un servicio t\u00e9cnico autorizado por el fabricante o en cualquier sucursal de <\/span><b>RedPiscinas.<\/b><span style=\"font-weight: 400;\"><br><\/span><span style=\"font-weight: 400;\">Si el producto cuenta con una garant\u00eda del fabricante, se aplicar\u00e1 el plazo de esta garant\u00eda, si este plazo fuera mayor. Sin embargo, si el producto es perecible o est\u00e1 naturalmente destinado a ser usado o consumido en un per\u00edodo breve, el plazo de devoluci\u00f3n ser\u00e1 el impreso en el producto o en su envoltorio o, en su defecto, ser\u00e1 de 7 d\u00edas. Todos estos plazos se suspender\u00e1n por el tiempo en que el bien est\u00e9 siendo reparado en ejercicio de la garant\u00eda, y hasta que se complete la reparaci\u00f3n.<\/span><\/p>\n<p><span style=\"font-weight: 400;\">Se considerar\u00e1 como falla o defecto:<\/span><span style=\"font-weight: 400;\"><br><\/span><span style=\"font-weight: 400;\">1. Productos sujetos a normas de seguridad o calidad de cumplimiento obligatorio que no cumplan con las especificaciones<\/span><span style=\"font-weight: 400;\"><br><\/span><span style=\"font-weight: 400;\">2. Si los materiales, partes, piezas, elementos, sustancias o ingredientes que constituyan o integren los productos no correspondan a las especificaciones que ostenten o a las menciones del rotulado.<\/span><span style=\"font-weight: 400;\"><br><\/span><span style=\"font-weight: 400;\">3. Productos que, por deficiencias de fabricaci\u00f3n, elaboraci\u00f3n, materiales, partes, piezas, elementos, sustancias, ingredientes, estructura, calidad o condiciones sanitarias, en su caso, no sea enteramente apto para el uso o consumo al que est\u00e1 destinado o al que el proveedor hubiese se\u00f1alado en su publicidad.<\/span><span style=\"font-weight: 400;\"><br><\/span><span style=\"font-weight: 400;\">4. Si el proveedor y consumidor hubieren convenido que los productos objeto del contrato deban reunir determinadas especificaciones y esto no ocurra.<\/span><span style=\"font-weight: 400;\"><br><\/span><span style=\"font-weight: 400;\">5. Si despu\u00e9s de la primera vez de haberse hecho efectiva la garant\u00eda y prestado el servicio t\u00e9cnico correspondiente, subsistieren las deficiencias que hagan al bien inapto para el uso o consumo a que se refiere el numeral 3. Este derecho subsistir\u00e1 para el evento de presentarse una deficiencia a la que fue objeto del servicio t\u00e9cnico, o volviere a presentarse la misma.<\/span><span style=\"font-weight: 400;\"><br><\/span><span style=\"font-weight: 400;\">6. Si la cosa objeto del contrato tiene efectos o vicios ocultos que imposibiliten el uso a que habitualmente se destine.<\/span><\/p>\n<p><b>CUARTO <\/b><span style=\"font-weight: 400;\">Compras<\/span><\/p>\n<ul>\n<li style=\"font-weight: 400;\" aria-level=\"1\"><span style=\"font-weight: 400;\">Contamos con una&nbsp;<\/span><b>cuenta bancaria<\/b><span style=\"font-weight: 400;\">&nbsp;para que usted pueda hacer sus transferencias o dep\u00f3sitos, directamente desde su banco. Al realizar la compra, se desplegar\u00e1n los datos necesarios para ejecutar la transferencia, a nombre de Red Piscinas Ltda..<\/span><\/li>\n<li style=\"font-weight: 400;\" aria-level=\"1\"><span style=\"font-weight: 400;\">Trabajamos con&nbsp;todas las Tarjetas de<\/span><b> Cr\u00e9dito y D\u00e9bito <\/b><span style=\"font-weight: 400;\">operando a trav\u00e9s de los servicios de <\/span><b>Getnet<\/b><span style=\"font-weight: 400;\">, donde las transacciones se llevan a cabo directamente en el sitio seguro de Transbank, no en el nuestro.<\/span><\/li>\n<\/ul>\n<ul>\n<li style=\"font-weight: 400;\" aria-level=\"1\"><span style=\"font-weight: 400;\">Para su seguridad, en nuestro sitio web no queda almacenada la informaci\u00f3n de su tarjeta de cr\u00e9dito, d\u00e9bito o cuenta corriente. Todas estas operaciones de hacen fuera de nuestro sitio web.<\/span><\/li>\n<li style=\"font-weight: 400;\" aria-level=\"1\"><span style=\"font-weight: 400;\">Para todas las formas de pago, al recibir los comprobantes, empezamos a procesar los pedidos y sus despachos.<\/span><\/li>\n<li style=\"font-weight: 400;\" aria-level=\"1\"><span style=\"font-weight: 400;\">Nos aseguramos de que cada producto salga en perfectas condiciones desde nuestra bodega, con un embalaje adecuado para que llegue al destino en perfectas condiciones. Si el embalaje de su pedido no llega en perfectas condiciones, no lo reciba.<\/span><\/li>\n<li style=\"font-weight: 400;\" aria-level=\"1\"><span style=\"font-weight: 400;\">En el caso de que un producto comprado, ya haya sido solicitado y pagado y este se encuentre sin stock, por error en la informaci\u00f3n presente en nuestra p\u00e1gina web o por equivocaci\u00f3n en la informaci\u00f3n emitida v\u00eda telef\u00f3nica desde nuestro centro de ventas, se proceder\u00e1 a la anulaci\u00f3n de la venta, o devoluci\u00f3n del dinero, en un plazo de 2 d\u00edas h\u00e1biles a partir de la recepci\u00f3n de los datos para este fin.<\/span><\/li>\n<li style=\"font-weight: 400;\" aria-level=\"1\"><span style=\"font-weight: 400;\">Para compras realizadas a trav\u00e9s de internet, con retiro por su parte, el producto se reservar\u00e1 por 5 d\u00edas, una vez verificado el pago. Si el producto no es retirado desde nuestro centro de ventas, dentro de los plazos estipulados anteriormente, no se garantizar\u00e1 su reserva y stock por lo que se proceder\u00e1, si corresponde, a la anulaci\u00f3n de la venta.<\/span><\/li>\n<li style=\"font-weight: 400;\" aria-level=\"1\"><b>Costo de Transporte<\/b><span style=\"font-weight: 400;\">: El valor de despacho es un monto fijo, incluido en el carro de compras, por lo que usted&nbsp;<\/span><b>no deber\u00e1 hacer ning\u00fan desembolso adicional<\/b><span style=\"font-weight: 400;\">. El costo de env\u00edo es variable en funci\u00f3n del lugar de destino, el volumen y peso de los productos y el tipo de despacho. En las fichas de producto se se\u00f1ala el volumen, peso f\u00edsico y volum\u00e9trico de las cajas. El monto del despacho de cada producto no corresponde necesariamente al peso f\u00edsico, ya que est\u00e1 ajustado al&nbsp;<\/span><b>peso volum\u00e9trico<\/b><span style=\"font-weight: 400;\">&nbsp;y a las f\u00f3rmulas propias de los diversos transportista<\/span><span style=\"font-weight: 400;\">.<\/span><\/li>\n<\/ul>\n<p><b>QUINTO <\/b><span style=\"font-weight: 400;\">Promociones<\/span><\/p>\n<p><span style=\"font-weight: 400;\">Las promociones que se ofrezcan en este sitio no ser\u00e1n necesariamente las mismas que ofrezcan otros canales de venta de QRedPiscinas+ En las promociones que consistan en la entrega gratuita o rebajada de un producto por la compra de otro, el despacho del bien que se entregue gratuitamente o a precio rebajado se har\u00e1 en el mismo lugar al cual se despache el producto comprado, salvo que solicites, al aceptar la promoci\u00f3n u oferta, que los productos se remitan a direcciones distintas, en cuyo caso deber\u00e1s pagar el valor del despacho de ambos productos. No se podr\u00e1 participar en estas promociones sin adquirir conjuntamente todos los productos comprendidos en ellas.<\/span><\/p>\n<p><b>SEXTO <\/b><span style=\"font-weight: 400;\">Env\u00edo y Entregas<\/span><\/p>\n<p><span style=\"font-weight: 400;\">Podr\u00e1s elegir las condiciones de despacho y entrega de los productos adquiridos, de las opciones que se encuentren indicadas en nuestra p\u00e1gina web.<\/span><\/p>\n<p><span style=\"font-weight: 400;\">Considera que la informaci\u00f3n que ingresas acerca del lugar de env\u00edo es muy importante, para que el despacho del producto sea satisfactorio y sin inconvenientes.<\/span><\/p>\n<p><span style=\"font-weight: 400;\">RedPiscinas,&nbsp;<\/span><b>no se compromete con tiempos de entrega de ninguno de sus productos.&nbsp;<\/b><span style=\"font-weight: 400;\">Los env\u00edos se realizan mediante Chilexpress, Starken, Bluexpress y otros los cuales manejan sus propios tiempos de entrega.<\/span><\/p>\n<p><span style=\"font-weight: 400;\">Contamos con el servicio de&nbsp;<\/span><b>env\u00edo por pagar.&nbsp;<\/b><span style=\"font-weight: 400;\">En este servicio,&nbsp;<\/span><b>las entregas se realizan en las sucursales de la empresa transportista o de courrier<\/b><span style=\"font-weight: 400;\">, y son despachadas a domicilio o sucursal dependiendo de la direcci\u00f3n o lugar.<\/span><\/p>\n<p><span style=\"font-weight: 400;\">Si los transportistas no encuentran a nadie en el lugar de entrega, al minuto de entregar el paquete, har\u00e1n un segundo intento al d\u00eda siguiente, si vuelve a ocurrir lo devolver\u00e1n al remitente o a sus oficinas. Por esto aconsejamos que, si no estar\u00e1 dentro del horario en la propiedad o nadie puede recibirlo, lo mejor es que solicite que lo env\u00eden donde un familiar, oficina o directamente a las oficinas comerciales de la empresa de transporte. Si existen costos adicionales por el reenv\u00edo del producto, estos corren \u00edntegramente por parte del comprador.<\/span><\/p>\n<p><span style=\"font-weight: 400;\">En varios casos, contamos con c\u00f3digos de seguimiento en l\u00ednea, los cuales se los enviaremos al correo electr\u00f3nico ingresado al hacer la compra para que pueda hacer el seguimiento de su env\u00edo.<\/span><\/p>\n<p><\/p>\n<p><b>S\u00c9PTIMO <\/b><span style=\"font-weight: 400;\">Responsabilidad<\/span><\/p>\n<p><span style=\"font-weight: 400;\">En ning\u00fan caso Red Piscinas Ltda. responder\u00e1 por:<\/span><span style=\"font-weight: 400;\"><br><\/span><span style=\"font-weight: 400;\">1. La utilizaci\u00f3n indebida que Usuarios o visitantes de El Sitio puedan hacer de los materiales exhibidos, de los derechos de propiedad industrial y de los derechos de propiedad intelectual.<\/span><span style=\"font-weight: 400;\"><br><\/span><span style=\"font-weight: 400;\">2. Da\u00f1os o eventuales da\u00f1os y perjuicios que se le puedan causar a los Compradores y\/o Usuarios por el funcionamiento de las herramientas de b\u00fasqueda y de los errores que se generen por los elementos t\u00e9cnicos de El Sitio o motor de b\u00fasqueda.<\/span><span style=\"font-weight: 400;\"><br><\/span><span style=\"font-weight: 400;\">3. Contenidos de las p\u00e1ginas a las que los Compradores o Usuarios puedan acceder con o sin autorizaci\u00f3n de Red Piscinas Ltda..<\/span><span style=\"font-weight: 400;\"><br><\/span><span style=\"font-weight: 400;\">4. El acceso de menores de edad o personas sin capacidad, bajo los t\u00e9rminos de la legislaci\u00f3n correspondiente, a los contenidos adherentes a la relaci\u00f3n contractual que surja de El Sitio.<\/span><span style=\"font-weight: 400;\"><br><\/span><span style=\"font-weight: 400;\">5. P\u00e9rdida, mal uso o uso no autorizado de su c\u00f3digo de validaci\u00f3n, ya sea por parte del Usuario y\/ o Comprador Compradores, o de terceros, luego de realizada la compra en la forma expresada en los T\u00e9rminos y Condiciones. Asimismo, las partes reconocen y dejan constancia que la plataforma computacional proporcionada por Red Piscinas Ltda.. no es infalible y, por tanto, durante la vigencia del presente Contrato pueden verificarse circunstancias ajenas a la voluntad de Red Piscinas Ltda., que impliquen que El Sitio o la plataforma computacional no se encuentren operativos durante un determinado periodo de tiempo.<\/span><span style=\"font-weight: 400;\"><br><\/span><span style=\"font-weight: 400;\">6. Informaci\u00f3n de Red Piscinas Ltda.. o sus servicios que se encuentre en sitios distintos a www.qredpiscinas.cl<\/span><span style=\"font-weight: 400;\"><br><\/span><span style=\"font-weight: 400;\">En tales casos, Red Piscinas Ltda. procurar\u00e1 restablecer El Sitio y el sistema computacional con la mayor celeridad posible, sin que por ello pueda imputarse alg\u00fan tipo de responsabilidad.<\/span><span style=\"font-weight: 400;\"><br><\/span><span style=\"font-weight: 400;\">Red Piscinas Ltda. no garantiza la disponibilidad y continuidad del funcionamiento de El Sitio y tampoco que, en cualquier momento y tiempo, los Usuarios puedan acceder a las promociones y Ofertas del El Sitio.<\/span><span style=\"font-weight: 400;\"><br><\/span><span style=\"font-weight: 400;\">Red Piscinas Ltda. no se hace responsable por los virus ni otros elementos en los documentos electr\u00f3nicos almacenados en los sistemas inform\u00e1ticos de los Usuarios. Red Piscinas Ltda. no responder\u00e1 de los perjuicios ocasionados al Cliente, provenientes del uso inadecuado de las tecnolog\u00edas puestas a disposici\u00f3n de \u00e9ste, cualquiera sea la forma en la cual se utilicen adecuadamente estas tecnolog\u00edas. Red Piscinas Ltda. no responder\u00e1 de los da\u00f1os producidos a El Sitio por el uso indebido y de mala fe de los Usuarios y\/o Compradores. No obstante, en el evento de realizarse un doble pago por un Usuario o Comprador en El Sitio, Red Piscinas Ltda. devolver\u00e1 la suma del sobrepago, dentro de los 3 d\u00edas siguientes a la recepci\u00f3n del respectivo reclamo escrito del Usuario o Comprador, en el que se anexen los originales de los comprobantes del pago adicional a lo adquirido.<\/span><\/p>\n<p><span style=\"font-weight: 400;\">En <\/span><b>Login<\/b><span style=\"font-weight: 400;\">, registro y comunicaci\u00f3n con empresas de medios de pago, Red Piscinas Ltda. usa certificados digitales de seguridad (SSL), con el fin de encriptar la comunicaci\u00f3n. Red Piscinas Ltda. No manipula ni almacena datos financieros de sus clientes.<\/span><span style=\"font-weight: 400;\"><br><\/span><span style=\"font-weight: 400;\">En todo caso, la responsabilidad de Red Pi8scinas Ltda., contractual, extracontractual o legal, con los Usuarios, Compradores o visitantes de El Sitio no exceder\u00e1 del precio efectivamente pagado por el Comprador en contraprestaci\u00f3n por el producto o servicio, sin perjuicio de lo que determinen los Tribunales de Justicia.<\/span><\/p>\n<p><\/p>\n<p><b>\u00a1CONT\u00c1CTANOS!<\/b><\/p>\n<p><span style=\"font-weight: 400;\">Para facilitarte el proceso de compra, la reserva de productos, asesor\u00eda para tu toma de decisiones, soluci\u00f3n de problemas o uso de productos, puedes&nbsp;<\/span><b>contactarnos por el medio que t\u00fa prefieras<\/b><span style=\"font-weight: 400;\">: por mail, telefon\u00eda fija, celular, WhatsApp o por nuestro chat en vivo para darte todo el apoyo y orientaci\u00f3n que necesites.<\/span><\/p>\n<ul>\n<li style=\"font-weight: 400;\" aria-level=\"1\"><b>Celular &#8211; WhatsApp<\/b><span style=\"font-weight: 400;\">: +56982432631&nbsp;<font color=\"#ffffff\">+569<\/font><\/span><\/li>\n<li style=\"font-weight: 400;\" aria-level=\"1\"><b>Mail<\/b><span style=\"font-weight: 400;\">:&nbsp;<\/span><span style=\"font-weight: 400;\">contacto@redpiscinas.cl<\/span><span style=\"font-weight: 400;\">&nbsp;&#8211;&nbsp;<\/span><span style=\"font-weight: 400;\">ventas@redpiscinas.cl<\/span><\/li>\n<\/ul>\t\t\t\t\t\t<\/div>\n\t\t\t\t<\/div>\n\t\t\t\t\t<\/div>\n\t\t<\/div>\n\t\t\t\t\t\t\t<\/div>\n\t\t<\/section>\n\t\t\t\t\t<\/div>\n\t\t<\/div>\n\t\t\t\t\t\t\t<\/div>\n\t\t<\/section>\n\t\t\t\t\t\t\t<\/div>\n\t\t","protected":false},"excerpt":{"rendered":"<p>T\u00e9rminos y Condiciones PRIMERO Condiciones Generales \u00a1Bienvenidos! En la plataforma de www.redpiscinas.cl en adelante, QRedPiscinas+ al utilizar la p\u00e1gina la&#8230;<\/p>\n","protected":false},"author":1,"featured_media":0,"parent":0,"menu_order":0,"comment_status":"closed","ping_status":"closed","template":"elementor_header_footer","meta":{"_joinchat":[],"footnotes":""},"class_list":["post-411","page","type-page","status-publish","hentry"],"_links":{"self":[{"href":"https:\/\/redpiscinas.cl\/tienda\/wp-json\/wp\/v2\/pages\/411","targetHints":{"allow":["GET"]}}],"collection":[{"href":"https:\/\/redpiscinas.cl\/tienda\/wp-json\/wp\/v2\/pages"}],"about":[{"href":"https:\/\/redpiscinas.cl\/tienda\/wp-json\/wp\/v2\/types\/page"}],"author":[{"embeddable":true,"href":"https:\/\/redpiscinas.cl\/tienda\/wp-json\/wp\/v2\/users\/1"}],"replies":[{"embeddable":true,"href":"https:\/\/redpiscinas.cl\/tienda\/wp-json\/wp\/v2\/comments?post=411"}],"version-history":[{"count":9,"href":"https:\/\/redpiscinas.cl\/tienda\/wp-json\/wp\/v2\/pages\/411\/revisions"}],"predecessor-version":[{"id":1259,"href":"https:\/\/redpiscinas.cl\/tienda\/wp-json\/wp\/v2\/pages\/411\/revisions\/1259"}],"wp:attachment":[{"href":"https:\/\/redpiscinas.cl\/tienda\/wp-json\/wp\/v2\/media?parent=411"}],"curies":[{"name":"wp","href":"https:\/\/api.w.org\/{rel}","templated":true}]}}