{"id":129,"date":"2022-09-15T04:43:59","date_gmt":"2022-09-15T04:43:59","guid":{"rendered":"https:\/\/redpiscinas.cl\/tienda\/?post_type=product&#038;p=129"},"modified":"2023-05-05T04:30:25","modified_gmt":"2023-05-05T04:30:25","slug":"cloro-tabletas-triple-accion-caja-20-kg","status":"publish","type":"product","link":"https:\/\/redpiscinas.cl\/tienda\/producto\/cloro-tabletas-triple-accion-caja-20-kg\/","title":{"rendered":"Cloro Tabletas Triple Acci\u00f3n (Caja 20 Kg)"},"content":{"rendered":"<p><span style=\"font-weight: 400;\">Tabletas de cloro importadas compuestas de Tricloro Isocianurato de Sodio al 90%, para utilizar en el tratamiento de aguas de piscina, para eliminar bacterias, algas y musgos.<\/span><\/p>\n<p><span style=\"font-weight: 400;\">Las tabletas de triple acci\u00f3n, adem\u00e1s de realizar la acci\u00f3n de\u00a0<\/span><b>cloraci\u00f3n<\/b><span style=\"font-weight: 400;\">, cuentan con compuestos que llevan adelante las tareas de\u00a0<\/span><b>Alguicida<\/b><span style=\"font-weight: 400;\">\u00a0y\u00a0<\/span><b>Clarificador<\/b><span style=\"font-weight: 400;\">. Usan Sulfato de Cobre como Alguicida, y Sulfato de Aluminio como Decantador, ambos en concentraciones muy bajas.<\/span><\/p>\n<p><span style=\"font-weight: 400;\">Antes de aplicar debe revisar el PH del agua, el cual debe estar entre 7.2 a 7.6.<\/span><\/p>\n<p><span style=\"font-weight: 400;\">Guardar su envase original bien cerrado y en un lugar fresco y seco. Si mantiene contacto con la piel, lave con abundante agua. No respire sus posibles vapores y mantenga fuera del alcance de los ni\u00f1os.<\/span><\/p>\n<p><span style=\"font-weight: 400;\">Ideal para usar con <\/span><b>cloradores<\/b><span style=\"font-weight: 400;\">, el sistema m\u00e1s eficiente y seguro para dosificaci\u00f3n del cloro. No depositar en el fondo de la piscina ya que blanquear\u00e1 la pintura.<\/span><\/p>\n","protected":false},"excerpt":{"rendered":"<div class=\"woocommerce-variation-description\">\n<p>Caja 20 Kg: Caja con 20 frascos pl\u00e1sticos de 1 kg 87%<\/p>\n<\/div>\n<p><span style=\"font-weight: 400;\">Tabletas de cloro importadas compuestas de Tricloro Isocianurato de Sodio al 90%, para utilizar en el tratamiento de aguas de piscina, para eliminar bacterias, algas y musgos.<\/span><\/p>\n","protected":false},"featured_media":585,"template":"","meta":{"_joinchat":{"telephone":"+56982432631"}},"product_cat":[16],"product_tag":[],"class_list":["post-129","product","type-product","status-publish","has-post-thumbnail","hentry","product_cat-cloro"],"_links":{"self":[{"href":"https:\/\/redpiscinas.cl\/tienda\/wp-json\/wp\/v2\/product\/129","targetHints":{"allow":["GET"]}}],"collection":[{"href":"https:\/\/redpiscinas.cl\/tienda\/wp-json\/wp\/v2\/product"}],"about":[{"href":"https:\/\/redpiscinas.cl\/tienda\/wp-json\/wp\/v2\/types\/product"}],"version-history":[{"count":3,"href":"https:\/\/redpiscinas.cl\/tienda\/wp-json\/wp\/v2\/product\/129\/revisions"}],"predecessor-version":[{"id":1040,"href":"https:\/\/redpiscinas.cl\/tienda\/wp-json\/wp\/v2\/product\/129\/revisions\/1040"}],"wp:featuredmedia":[{"embeddable":true,"href":"https:\/\/redpiscinas.cl\/tienda\/wp-json\/wp\/v2\/media\/585"}],"wp:attachment":[{"href":"https:\/\/redpiscinas.cl\/tienda\/wp-json\/wp\/v2\/media?parent=129"}],"wp:term":[{"taxonomy":"product_cat","embeddable":true,"href":"https:\/\/redpiscinas.cl\/tienda\/wp-json\/wp\/v2\/product_cat?post=129"},{"taxonomy":"product_tag","embeddable":true,"href":"https:\/\/redpiscinas.cl\/tienda\/wp-json\/wp\/v2\/product_tag?post=129"}],"curies":[{"name":"wp","href":"https:\/\/api.w.org\/{rel}","templated":true}]}}