{"id":142,"date":"2022-09-15T05:03:30","date_gmt":"2022-09-15T05:03:30","guid":{"rendered":"https:\/\/redpiscinas.cl\/tienda\/?post_type=product&#038;p=142"},"modified":"2023-05-05T04:28:51","modified_gmt":"2023-05-05T04:28:51","slug":"decantador-frasco-1-kg","status":"publish","type":"product","link":"https:\/\/redpiscinas.cl\/tienda\/producto\/decantador-frasco-1-kg\/","title":{"rendered":"Sulfato de Aluminio (Frasco 1 kg)"},"content":{"rendered":"<p><span style=\"font-weight: 400;\">Decantador compuesto por Sulfato de Aluminio, para utilizar en el tratamiento de clarificaci\u00f3n de aguas de piscina.<\/span><\/p>\n<p><span style=\"font-weight: 400;\">Este producto es un floculante, que hace que toda la suciedad que est\u00e1 en suspensi\u00f3n a en el agua se precipite al fondo, dejando el agua totalmente cristalina.<\/span><\/p>\n<p><span style=\"font-weight: 400;\">Para su aplicaci\u00f3n, dil\u00fayalo y rep\u00e1rtalo por toda la piscina, deje el filtro en funcionamiento por 2 horas en el modo Circulaci\u00f3n (NO en Filtrado) y luego deje en reposo absoluto por entre 12 y 24 hrs. Una vez que todo haya decantado, extraiga con un limpia fondos manual, muy lentamente, botando el agua de la piscina, con el filtro en la posici\u00f3n Vaciado.<\/span><\/p>\n<p><span style=\"font-weight: 400;\">Es vital diluirlo antes de aplicarlo, y repartirlo lo m\u00e1s homog\u00e9neamente posible. Si lo tira al agua sin diluir no generar\u00e1 ning\u00fan efecto.<\/span><\/p>\n<p><span style=\"font-weight: 400;\">Antes de aplicar se recomienda revisar el pH del agua, el cual debe estar entre 7.2 a 7.6.<\/span><\/p>\n<p><span style=\"font-weight: 400;\">Guardar en su envase original, bien cerrado y en un lugar fresco y seco. Si mantiene contacto con la piel, lave con abundante agua. No respire sus posibles vapores y mantenga fuera del alcance de los ni\u00f1os.<\/span><\/p>\n","protected":false},"excerpt":{"rendered":"<p><span style=\"font-weight: 400;\">Decantador compuesto por Sulfato de Aluminio, para utilizar en el tratamiento de clarificaci\u00f3n de aguas de piscina.<\/span><\/p>\n","protected":false},"featured_media":1181,"template":"","meta":{"_joinchat":{"telephone":"+56982432631"}},"product_cat":[21],"product_tag":[],"class_list":["post-142","product","type-product","status-publish","has-post-thumbnail","hentry","product_cat-sulfato"],"_links":{"self":[{"href":"https:\/\/redpiscinas.cl\/tienda\/wp-json\/wp\/v2\/product\/142","targetHints":{"allow":["GET"]}}],"collection":[{"href":"https:\/\/redpiscinas.cl\/tienda\/wp-json\/wp\/v2\/product"}],"about":[{"href":"https:\/\/redpiscinas.cl\/tienda\/wp-json\/wp\/v2\/types\/product"}],"version-history":[{"count":8,"href":"https:\/\/redpiscinas.cl\/tienda\/wp-json\/wp\/v2\/product\/142\/revisions"}],"predecessor-version":[{"id":1039,"href":"https:\/\/redpiscinas.cl\/tienda\/wp-json\/wp\/v2\/product\/142\/revisions\/1039"}],"wp:featuredmedia":[{"embeddable":true,"href":"https:\/\/redpiscinas.cl\/tienda\/wp-json\/wp\/v2\/media\/1181"}],"wp:attachment":[{"href":"https:\/\/redpiscinas.cl\/tienda\/wp-json\/wp\/v2\/media?parent=142"}],"wp:term":[{"taxonomy":"product_cat","embeddable":true,"href":"https:\/\/redpiscinas.cl\/tienda\/wp-json\/wp\/v2\/product_cat?post=142"},{"taxonomy":"product_tag","embeddable":true,"href":"https:\/\/redpiscinas.cl\/tienda\/wp-json\/wp\/v2\/product_tag?post=142"}],"curies":[{"name":"wp","href":"https:\/\/api.w.org\/{rel}","templated":true}]}}