{"id":150,"date":"2022-09-15T05:09:42","date_gmt":"2022-09-15T05:09:42","guid":{"rendered":"https:\/\/redpiscinas.cl\/tienda\/?post_type=product&#038;p=150"},"modified":"2023-05-05T04:27:51","modified_gmt":"2023-05-05T04:27:51","slug":"alguicida-frasco-1-kg","status":"publish","type":"product","link":"https:\/\/redpiscinas.cl\/tienda\/producto\/alguicida-frasco-1-kg\/","title":{"rendered":"Sulfato de Cobre (Frasco 1 Kg)"},"content":{"rendered":"<p><span style=\"font-weight: 400;\">El sulfato de cobre es un\u00a0<\/span><b>gran alguicida<\/b><span style=\"font-weight: 400;\">\u00a0que ayuda a prevenir la aparici\u00f3n y formaci\u00f3n de algas.<\/span><\/p>\n<p><span style=\"font-weight: 400;\">Las dosis para emplear en una piscina deben estar entre los 0.2 ppm y 0.6 ppm de Cobre disuelto en el agua. Emplee un analizador de iones de cobre para tomar estas medidas antes de aplicar el producto. Inicialmente, se recomienda el uso de 200 grs cada 20 m3 de agua.<\/span><\/p>\n<p><span style=\"font-weight: 400;\">Antes de aplicar debe revisar el pH del agua, el cual debe estar entre 7.2 a 7.6.<\/span><\/p>\n<p><span style=\"font-weight: 400;\">Si bien es un\u00a0<\/span><b>excelente alguicida, que adem\u00e1s le da una leve tonicidad azulada y mayor brillo al agua<\/b><span style=\"font-weight: 400;\">, en altas dosis es toxico para los seres vivos, por lo que debe usarse con precauci\u00f3n.<\/span><\/p>\n<p><span style=\"font-weight: 400;\">Producto t\u00f3xico. Guardar el envase bien cerrado y en un lugar fresco y seco. Util\u00edcelo con guantes, y si mantiene contacto con la piel, lave con abundante agua. Mantenga fuera del alcance de los ni\u00f1os.<\/span><\/p>\n","protected":false},"excerpt":{"rendered":"<p><span style=\"font-weight: 400;\">El sulfato de cobre es un\u00a0<\/span><b>gran alguicida<\/b><span style=\"font-weight: 400;\">\u00a0que ayuda a prevenir la aparici\u00f3n y formaci\u00f3n de algas.<\/span><\/p>\n<p>&nbsp;<\/p>\n","protected":false},"featured_media":1180,"template":"","meta":{"_joinchat":{"telephone":"+56982432631"}},"product_cat":[21],"product_tag":[],"class_list":["post-150","product","type-product","status-publish","has-post-thumbnail","hentry","product_cat-sulfato"],"_links":{"self":[{"href":"https:\/\/redpiscinas.cl\/tienda\/wp-json\/wp\/v2\/product\/150","targetHints":{"allow":["GET"]}}],"collection":[{"href":"https:\/\/redpiscinas.cl\/tienda\/wp-json\/wp\/v2\/product"}],"about":[{"href":"https:\/\/redpiscinas.cl\/tienda\/wp-json\/wp\/v2\/types\/product"}],"version-history":[{"count":6,"href":"https:\/\/redpiscinas.cl\/tienda\/wp-json\/wp\/v2\/product\/150\/revisions"}],"predecessor-version":[{"id":1038,"href":"https:\/\/redpiscinas.cl\/tienda\/wp-json\/wp\/v2\/product\/150\/revisions\/1038"}],"wp:featuredmedia":[{"embeddable":true,"href":"https:\/\/redpiscinas.cl\/tienda\/wp-json\/wp\/v2\/media\/1180"}],"wp:attachment":[{"href":"https:\/\/redpiscinas.cl\/tienda\/wp-json\/wp\/v2\/media?parent=150"}],"wp:term":[{"taxonomy":"product_cat","embeddable":true,"href":"https:\/\/redpiscinas.cl\/tienda\/wp-json\/wp\/v2\/product_cat?post=150"},{"taxonomy":"product_tag","embeddable":true,"href":"https:\/\/redpiscinas.cl\/tienda\/wp-json\/wp\/v2\/product_tag?post=150"}],"curies":[{"name":"wp","href":"https:\/\/api.w.org\/{rel}","templated":true}]}}