{"id":156,"date":"2022-09-15T05:11:14","date_gmt":"2022-09-15T05:11:14","guid":{"rendered":"https:\/\/redpiscinas.cl\/tienda\/?post_type=product&#038;p=156"},"modified":"2023-05-05T04:27:21","modified_gmt":"2023-05-05T04:27:21","slug":"sube-ph","status":"publish","type":"product","link":"https:\/\/redpiscinas.cl\/tienda\/producto\/sube-ph\/","title":{"rendered":"Sube pH (Frasco 1 Kg)"},"content":{"rendered":"<p><span style=\"font-weight: 400;\">Sube pH compuesto de sales de Carbonato de Calcio, Cenizas de Soda o Soda Ash, para utilizar en el tratamiento de aguas de piscina, cuando el agua est\u00e1 \u00e1cida.<\/span><\/p>\n<p><span style=\"font-weight: 400;\">El\u00a0<\/span><b>pH es una medida de acidez o alcalinidad del agua<\/b><span style=\"font-weight: 400;\">. El pH indica la concentraci\u00f3n de iones hidr\u00f3geno [H]+ presentes en el agua. La sigla significa Potencial Hidr\u00f3geno.<\/span><span style=\"font-weight: 400;\"><br \/>\n<\/span><span style=\"font-weight: 400;\">Las\u00a0<\/span><b>aguas \u00e1cidas<\/b><span style=\"font-weight: 400;\">\u00a0son las con pH menores a 7 (hay m\u00e1s iones hidr\u00f3geno). Las\u00a0<\/span><b>aguas b\u00e1sica<\/b><span style=\"font-weight: 400;\">s o alcalinas tienen un PH superior a 7 (hay menos iones hidr\u00f3geno). Un agua con PH igual a 7, se denomina\u00a0<\/span><b>agua neutra<\/b><span style=\"font-weight: 400;\">.<\/span><\/p>\n<p><span style=\"font-weight: 400;\">Es necesario mantener el pH estabilizado entre 7,2 y 7,6 ya que:<\/span><span style=\"font-weight: 400;\"><br \/>\n<\/span><span style=\"font-weight: 400;\">&#8211; La sensaci\u00f3n al ba\u00f1arse ser\u00e1 la mejor, no le picar\u00e1n los ojos, ni se le resecar\u00e1 la piel<\/span><span style=\"font-weight: 400;\"><br \/>\n<\/span><span style=\"font-weight: 400;\">&#8211; La eficiencia de los qu\u00edmicos se reduce dr\u00e1sticamente cuando el pH est\u00e1 muy fuera de rango<\/span><span style=\"font-weight: 400;\"><br \/>\n<\/span><span style=\"font-weight: 400;\">&#8211; Reducir\u00e1 la acumulaci\u00f3n de sarro y formaciones calc\u00e1reas.<\/span><\/p>\n<p><span style=\"font-weight: 400;\">Antes de aplicar debe revisar el nivel actual de PH del agua, el cual idealmente debe estar entre 7.2 a 7.6. Aplique sube pH cuando el nivel del agua est\u00e9 bajo 7,2.<\/span><\/p>\n<p><span style=\"font-weight: 400;\">Aplique la dosis correspondiente, de acuerdo con las instrucciones del envase. Por lo general, hay que aplicar 200 grs cada 20.000 lts para subir 0,2 puntos de la escala. Calcule cuantos gramos debe colocar. Diluya el qu\u00edmico en agua y disp\u00e9rselo en torno a la piscina. Deje el filtro en operaci\u00f3n por 2 hrs para que este qu\u00edmico se mezcle adecuadamente en el agua de su piscina.<\/span><\/p>\n<p><span style=\"font-weight: 400;\">A las 24 hrs. vuelva a medir el nivel de PH, repitiendo el proceso si fuese necesario. No lo mida inmediatamente ya que sus efectos toman tiempo en reaccionar.<\/span><\/p>\n<p><span style=\"font-weight: 400;\">Guardar en su envase original bien cerrado y en un lugar fresco y seco. Si mantiene contacto con la piel, lave con abundante agua. No respire sus posibles vapores y mantenga fuera del alcance de los ni\u00f1os.<\/span><\/p>\n<p>&nbsp;<\/p>\n<p>&nbsp;<\/p>\n","protected":false},"excerpt":{"rendered":"<p><span style=\"font-weight: 400;\">Sube pH compuesto de sales de Carbonato de Calcio, Cenizas de Soda o Soda Ash, para utilizar en el tratamiento de aguas de piscina, cuando el agua est\u00e1 \u00e1cida.<\/span><\/p>\n","protected":false},"featured_media":399,"template":"","meta":{"_joinchat":{"telephone":"+56982432631"}},"product_cat":[20],"product_tag":[],"class_list":["post-156","product","type-product","status-publish","has-post-thumbnail","hentry","product_cat-ph"],"_links":{"self":[{"href":"https:\/\/redpiscinas.cl\/tienda\/wp-json\/wp\/v2\/product\/156","targetHints":{"allow":["GET"]}}],"collection":[{"href":"https:\/\/redpiscinas.cl\/tienda\/wp-json\/wp\/v2\/product"}],"about":[{"href":"https:\/\/redpiscinas.cl\/tienda\/wp-json\/wp\/v2\/types\/product"}],"version-history":[{"count":2,"href":"https:\/\/redpiscinas.cl\/tienda\/wp-json\/wp\/v2\/product\/156\/revisions"}],"predecessor-version":[{"id":532,"href":"https:\/\/redpiscinas.cl\/tienda\/wp-json\/wp\/v2\/product\/156\/revisions\/532"}],"wp:featuredmedia":[{"embeddable":true,"href":"https:\/\/redpiscinas.cl\/tienda\/wp-json\/wp\/v2\/media\/399"}],"wp:attachment":[{"href":"https:\/\/redpiscinas.cl\/tienda\/wp-json\/wp\/v2\/media?parent=156"}],"wp:term":[{"taxonomy":"product_cat","embeddable":true,"href":"https:\/\/redpiscinas.cl\/tienda\/wp-json\/wp\/v2\/product_cat?post=156"},{"taxonomy":"product_tag","embeddable":true,"href":"https:\/\/redpiscinas.cl\/tienda\/wp-json\/wp\/v2\/product_tag?post=156"}],"curies":[{"name":"wp","href":"https:\/\/api.w.org\/{rel}","templated":true}]}}