{"id":551,"date":"2022-09-19T16:52:11","date_gmt":"2022-09-19T16:52:11","guid":{"rendered":"https:\/\/redpiscinas.cl\/tienda\/?post_type=product&#038;p=551"},"modified":"2023-05-05T04:23:37","modified_gmt":"2023-05-05T04:23:37","slug":"cloro-tableta-caja-20-kg","status":"publish","type":"product","link":"https:\/\/redpiscinas.cl\/tienda\/producto\/cloro-tableta-caja-20-kg\/","title":{"rendered":"Cloro Tableta (Caja 20 Kg) 90%"},"content":{"rendered":"<p>Tabletas de cloro importadas compuestas de Tricloro Isocianurato de Sodio al 90%, para utilizar en el tratamiento de aguas de piscina, para eliminar bacterias, algas y musgos.<br \/>\nAntes de aplicar debe revisar el PH del agua, el cual debe estar entre 7.2 a 7.6.Se recomienda el uso de una tableta por cada 20.000 litros de agua por cada semana. De lenta disoluci\u00f3n.<br \/>\nProducto t\u00f3xico. Guardar en el envase original, bien cerrado y en un lugar fresco y seco. Si mantiene contacto con la piel, lave con abundante agua. No respire sus posibles vapores y mantenga fuera del alcance de los ni\u00f1os.<br \/>\nIdeal para usar con cloradores, el sistema m\u00e1s eficiente y seguro para dosificaci\u00f3n del cloro. No depositar en el fondo de la piscina ya que blanquear\u00e1 la pintura.<\/p>\n","protected":false},"excerpt":{"rendered":"<p>Caja 20 Kg: Caja con 20 frascos pl\u00e1sticos 200g de 1 kg<br \/>\nTabletas de cloro importadas compuestas de Tricloro Isocianurato de Sodio al 90%, para utilizar en el tratamiento de aguas de piscina, para eliminar bacterias, algas y musgos.<br \/>\nAntes de aplicar debe revisar el PH del agua, el cual debe estar entre 7.2 a 7.6.<\/p>\n","protected":false},"featured_media":584,"template":"","meta":{"_joinchat":{"telephone":"+56982432631"}},"product_cat":[16],"product_tag":[],"class_list":["post-551","product","type-product","status-publish","has-post-thumbnail","hentry","product_cat-cloro"],"_links":{"self":[{"href":"https:\/\/redpiscinas.cl\/tienda\/wp-json\/wp\/v2\/product\/551","targetHints":{"allow":["GET"]}}],"collection":[{"href":"https:\/\/redpiscinas.cl\/tienda\/wp-json\/wp\/v2\/product"}],"about":[{"href":"https:\/\/redpiscinas.cl\/tienda\/wp-json\/wp\/v2\/types\/product"}],"version-history":[{"count":3,"href":"https:\/\/redpiscinas.cl\/tienda\/wp-json\/wp\/v2\/product\/551\/revisions"}],"predecessor-version":[{"id":1031,"href":"https:\/\/redpiscinas.cl\/tienda\/wp-json\/wp\/v2\/product\/551\/revisions\/1031"}],"wp:featuredmedia":[{"embeddable":true,"href":"https:\/\/redpiscinas.cl\/tienda\/wp-json\/wp\/v2\/media\/584"}],"wp:attachment":[{"href":"https:\/\/redpiscinas.cl\/tienda\/wp-json\/wp\/v2\/media?parent=551"}],"wp:term":[{"taxonomy":"product_cat","embeddable":true,"href":"https:\/\/redpiscinas.cl\/tienda\/wp-json\/wp\/v2\/product_cat?post=551"},{"taxonomy":"product_tag","embeddable":true,"href":"https:\/\/redpiscinas.cl\/tienda\/wp-json\/wp\/v2\/product_tag?post=551"}],"curies":[{"name":"wp","href":"https:\/\/api.w.org\/{rel}","templated":true}]}}