{"id":571,"date":"2022-09-19T17:01:29","date_gmt":"2022-09-19T17:01:29","guid":{"rendered":"https:\/\/redpiscinas.cl\/tienda\/?post_type=product&#038;p=571"},"modified":"2023-05-05T04:20:16","modified_gmt":"2023-05-05T04:20:16","slug":"cloro-granulado-caja-20-kg","status":"publish","type":"product","link":"https:\/\/redpiscinas.cl\/tienda\/producto\/cloro-granulado-caja-20-kg\/","title":{"rendered":"Cloro Granulado (Caja 20 Kg)"},"content":{"rendered":"<p><span style=\"font-weight: 400;\">Cloro granulado para piscinas, compuesto de Dicloro Isocianurato de Sodio importado con concentraciones de al menos del 56% &#8211; 60%, para utilizar en el tratamiento de aguas de piscina para eliminar bacterias, algas y musgos, grasas y aceites r\u00e1pidamente<\/span><span style=\"font-weight: 400;\">.<\/span><\/p>\n<p><span style=\"font-weight: 400;\">De r\u00e1pida acci\u00f3n. El cloro granulado empieza a actuar en forma inmediata, ya que los gr\u00e1nulos se disuelven por completo a los pocos minutos despu\u00e9s y tirados a la piscina, y desde ese momento empieza a ejercer su acci\u00f3n.<\/span><\/p>\n<p><span style=\"font-weight: 400;\">Se recomienda dispersarlo al boleo directamente al agua, por el contorno de la piscina, durante la tarde, despu\u00e9s que los ba\u00f1istas se hayan salido del agua, y cuando se ponga el sol.<\/span><\/p>\n<p><span style=\"font-weight: 400;\">Antes de aplicar revisa el nivel de PH del agua, el cual debe estar entre 7.2 y 7.6.<\/span><\/p>\n<p><b>Dosificaci\u00f3n Recomendada:<\/b><\/p>\n<ul>\n<li style=\"font-weight: 400;\" aria-level=\"1\"><span style=\"font-weight: 400;\">Dosis de mantenci\u00f3n: 70 grs cada 10 m3 diarios.<\/span><\/li>\n<li style=\"font-weight: 400;\" aria-level=\"1\"><span style=\"font-weight: 400;\">Dosis de shock: 210 grs cada 20 m3 diarios.<\/span><\/li>\n<\/ul>\n<p><span style=\"font-weight: 400;\">Producto t\u00f3xico. Almacenar en su envase original bien cerrado y en un lugar fresco y seco. Si mantiene contacto con la piel, lave con abundante agua. No respire sus posibles vapores y mantenga fuera del alcance de los ni\u00f1os.<\/span><\/p>\n","protected":false},"excerpt":{"rendered":"<p><span style=\"font-weight: 400;\">Caja 20 Kg: Caja con 20 frascos pl\u00e1sticos de 1 kg<\/span><\/p>\n<p><span style=\"font-weight: 400;\">Cloro granulado para piscinas, compuesto de Dicloro Isocianurato de Sodio importado con concentraciones de al menos del 56% &#8211; 60%, para utilizar en el tratamiento de aguas de piscina para eliminar bacterias, algas y musgos, grasas y aceites r\u00e1pidamente<\/span><span style=\"font-weight: 400;\">.<\/span><\/p>\n","protected":false},"featured_media":586,"template":"","meta":{"_joinchat":{"telephone":"+56982432631"}},"product_cat":[16],"product_tag":[],"class_list":["post-571","product","type-product","status-publish","has-post-thumbnail","hentry","product_cat-cloro"],"_links":{"self":[{"href":"https:\/\/redpiscinas.cl\/tienda\/wp-json\/wp\/v2\/product\/571","targetHints":{"allow":["GET"]}}],"collection":[{"href":"https:\/\/redpiscinas.cl\/tienda\/wp-json\/wp\/v2\/product"}],"about":[{"href":"https:\/\/redpiscinas.cl\/tienda\/wp-json\/wp\/v2\/types\/product"}],"version-history":[{"count":1,"href":"https:\/\/redpiscinas.cl\/tienda\/wp-json\/wp\/v2\/product\/571\/revisions"}],"predecessor-version":[{"id":576,"href":"https:\/\/redpiscinas.cl\/tienda\/wp-json\/wp\/v2\/product\/571\/revisions\/576"}],"wp:featuredmedia":[{"embeddable":true,"href":"https:\/\/redpiscinas.cl\/tienda\/wp-json\/wp\/v2\/media\/586"}],"wp:attachment":[{"href":"https:\/\/redpiscinas.cl\/tienda\/wp-json\/wp\/v2\/media?parent=571"}],"wp:term":[{"taxonomy":"product_cat","embeddable":true,"href":"https:\/\/redpiscinas.cl\/tienda\/wp-json\/wp\/v2\/product_cat?post=571"},{"taxonomy":"product_tag","embeddable":true,"href":"https:\/\/redpiscinas.cl\/tienda\/wp-json\/wp\/v2\/product_tag?post=571"}],"curies":[{"name":"wp","href":"https:\/\/api.w.org\/{rel}","templated":true}]}}